{"id":105,"date":"2025-10-17T20:06:58","date_gmt":"2025-10-17T18:06:58","guid":{"rendered":"https:\/\/venik.hr\/savjetovanje\/?page_id=105"},"modified":"2025-10-20T12:01:46","modified_gmt":"2025-10-20T10:01:46","slug":"zatrazite-ponudu","status":"publish","type":"page","link":"https:\/\/venik.hr\/savjetovanje\/zatrazite-ponudu\/","title":{"rendered":"Zatra\u017eite ponudu"},"content":{"rendered":"<p>Planirate gradnju, rekonstrukciju ili najam strojeva? Javite nam se i zatra\u017eite besplatnu i nezaveznu ponudu! Na\u0161 stru\u010dni tim \u0107e vas kontaktirati u najkra\u0107em roku i pomo\u0107i vam prona\u0107i najbolje rje\u0161enje prilago\u0111eno va\u0161im potrebama.<\/p>\n","protected":false},"excerpt":{"rendered":"<p>Planirate gradnju, rekonstrukciju ili najam strojeva? Javite nam se i zatra\u017eite besplatnu i nezaveznu ponudu! Na\u0161 stru\u010dni tim \u0107e vas kontaktirati u najkra\u0107em roku i pomo\u0107i vam prona\u0107i najbolje rje\u0161enje prilago\u0111eno va\u0161im potrebama.<\/p>\n","protected":false},"author":1,"featured_media":0,"parent":0,"menu_order":0,"comment_status":"closed","ping_status":"closed","template":"template-zatrazite-ponudu.php","meta":{"_acf_changed":false,"footnotes":""},"class_list":["post-105","page","type-page","status-publish","hentry"],"acf":[],"_links":{"self":[{"href":"https:\/\/venik.hr\/savjetovanje\/wp-json\/wp\/v2\/pages\/105","targetHints":{"allow":["GET"]}}],"collection":[{"href":"https:\/\/venik.hr\/savjetovanje\/wp-json\/wp\/v2\/pages"}],"about":[{"href":"https:\/\/venik.hr\/savjetovanje\/wp-json\/wp\/v2\/types\/page"}],"author":[{"embeddable":true,"href":"https:\/\/venik.hr\/savjetovanje\/wp-json\/wp\/v2\/users\/1"}],"replies":[{"embeddable":true,"href":"https:\/\/venik.hr\/savjetovanje\/wp-json\/wp\/v2\/comments?post=105"}],"version-history":[{"count":3,"href":"https:\/\/venik.hr\/savjetovanje\/wp-json\/wp\/v2\/pages\/105\/revisions"}],"predecessor-version":[{"id":264,"href":"https:\/\/venik.hr\/savjetovanje\/wp-json\/wp\/v2\/pages\/105\/revisions\/264"}],"wp:attachment":[{"href":"https:\/\/venik.hr\/savjetovanje\/wp-json\/wp\/v2\/media?parent=105"}],"curies":[{"name":"wp","href":"https:\/\/api.w.org\/{rel}","templated":true}]}}