{"id":116,"date":"2025-10-20T07:21:29","date_gmt":"2025-10-20T05:21:29","guid":{"rendered":"https:\/\/venik.hr\/savjetovanje\/?page_id=116"},"modified":"2025-10-20T07:21:29","modified_gmt":"2025-10-20T05:21:29","slug":"podaci-o-tvrtki","status":"publish","type":"page","link":"https:\/\/venik.hr\/savjetovanje\/podaci-o-tvrtki\/","title":{"rendered":"Podaci o tvrtki"},"content":{"rendered":"<table>\n<tbody>\n<tr>\n<td>Naziv tvrtke:<\/td>\n<td>Venik d.o.o.<\/td>\n<\/tr>\n<tr>\n<td>Sjedi\u0161te:<\/td>\n<td>Ivana Gunduli\u0107a 85,<br \/>\n48 260 Kri\u017eevci<\/td>\n<\/tr>\n<tr>\n<td>OIB:<\/td>\n<td>72760532673<\/td>\n<\/tr>\n<tr>\n<td>Mati\u010dni broj subjekta (MBS):<\/td>\n<td>010134216<\/td>\n<\/tr>\n<tr>\n<td>IBAN:<\/td>\n<td>HR2623400091111224486<\/td>\n<\/tr>\n<tr>\n<td>Banka:<\/td>\n<td>PBZ<\/td>\n<\/tr>\n<tr>\n<td>Direktor:<\/td>\n<td>Nikola Turkalj, Vedran Samar\u017eija<\/td>\n<\/tr>\n<tr>\n<td>E-mail:<\/td>\n<td><a href=\"mailto:venik@venik.hr\">venik@venik.hr<\/a><\/td>\n<\/tr>\n<tr>\n<td>Telefon:<\/td>\n<td><a href=\"tel:(+385) 91-565-8939\">(+385) 91-565-8939<\/a>, <a href=\"tel:(+385) 99 639 0511\">(+385) 99 639 0511<\/a><\/td>\n<\/tr>\n<tr>\n<td>Temeljni kapital:<\/td>\n<td>2.500,00 EUR upla\u0107en u cijelosti<\/td>\n<\/tr>\n<\/tbody>\n<\/table>\n","protected":false},"excerpt":{"rendered":"<p>Naziv tvrtke: Venik d.o.o. Sjedi\u0161te: Ivana Gunduli\u0107a 85, 48 260 Kri\u017eevci OIB: 72760532673 Mati\u010dni broj subjekta (MBS): 010134216 IBAN: HR2623400091111224486 Banka: PBZ Direktor: Nikola Turkalj, Vedran Samar\u017eija E-mail: venik@venik.hr Telefon: (+385) 91-565-8939, (+385) 99 639 0511 Temeljni kapital: 2.500,00 EUR upla\u0107en u cijelosti<\/p>\n","protected":false},"author":1,"featured_media":0,"parent":0,"menu_order":0,"comment_status":"closed","ping_status":"closed","template":"template-podaci-o-tvrtki.php","meta":{"_acf_changed":false,"footnotes":""},"class_list":["post-116","page","type-page","status-publish","hentry"],"acf":[],"_links":{"self":[{"href":"https:\/\/venik.hr\/savjetovanje\/wp-json\/wp\/v2\/pages\/116","targetHints":{"allow":["GET"]}}],"collection":[{"href":"https:\/\/venik.hr\/savjetovanje\/wp-json\/wp\/v2\/pages"}],"about":[{"href":"https:\/\/venik.hr\/savjetovanje\/wp-json\/wp\/v2\/types\/page"}],"author":[{"embeddable":true,"href":"https:\/\/venik.hr\/savjetovanje\/wp-json\/wp\/v2\/users\/1"}],"replies":[{"embeddable":true,"href":"https:\/\/venik.hr\/savjetovanje\/wp-json\/wp\/v2\/comments?post=116"}],"version-history":[{"count":1,"href":"https:\/\/venik.hr\/savjetovanje\/wp-json\/wp\/v2\/pages\/116\/revisions"}],"predecessor-version":[{"id":117,"href":"https:\/\/venik.hr\/savjetovanje\/wp-json\/wp\/v2\/pages\/116\/revisions\/117"}],"wp:attachment":[{"href":"https:\/\/venik.hr\/savjetovanje\/wp-json\/wp\/v2\/media?parent=116"}],"curies":[{"name":"wp","href":"https:\/\/api.w.org\/{rel}","templated":true}]}}