{"id":118,"date":"2025-10-20T07:23:47","date_gmt":"2025-10-20T05:23:47","guid":{"rendered":"https:\/\/venik.hr\/savjetovanje\/?page_id=118"},"modified":"2025-10-23T12:14:29","modified_gmt":"2025-10-23T10:14:29","slug":"o-nama","status":"publish","type":"page","link":"https:\/\/venik.hr\/savjetovanje\/o-nama\/","title":{"rendered":"O nama"},"content":{"rendered":"<p>VENIK d.o.o. je jedna od vode\u0107ih konzultantskih tvrtki specijalizirana za implementaciju ISO standarda i ostalih sustava upravljanja, kao i za isho\u0111enje vodopravnih dozvola te izradu elaborata za gospodarenje opasnim i neopasnim otpadom.<\/p>\n<p>Na\u0161 cilj je pru\u017eiti klijentima moderna i napredna rje\u0161enja, koja im osiguravaju konkurentsku prednost, prilago\u0111ena specifi\u010dnim potrebama klijenata.<\/p>\n<p>Na\u0161 iskusni tim konzultanata, predanost stalnom usavr\u0161avanju, radna etika i nepresu\u0161na energija doprinose konstantnom napretku i rastu.<\/p>\n","protected":false},"excerpt":{"rendered":"<p>VENIK d.o.o. je jedna od vode\u0107ih konzultantskih tvrtki specijalizirana za implementaciju ISO standarda i ostalih sustava upravljanja, kao i za isho\u0111enje vodopravnih dozvola te izradu elaborata za gospodarenje opasnim i neopasnim otpadom. Na\u0161 cilj je pru\u017eiti klijentima moderna i napredna rje\u0161enja, koja im osiguravaju konkurentsku prednost, prilago\u0111ena specifi\u010dnim potrebama klijenata. Na\u0161 iskusni tim konzultanata, predanost [&hellip;]<\/p>\n","protected":false},"author":1,"featured_media":0,"parent":0,"menu_order":0,"comment_status":"closed","ping_status":"closed","template":"template-onama.php","meta":{"_acf_changed":false,"footnotes":""},"class_list":["post-118","page","type-page","status-publish","hentry"],"acf":[],"_links":{"self":[{"href":"https:\/\/venik.hr\/savjetovanje\/wp-json\/wp\/v2\/pages\/118","targetHints":{"allow":["GET"]}}],"collection":[{"href":"https:\/\/venik.hr\/savjetovanje\/wp-json\/wp\/v2\/pages"}],"about":[{"href":"https:\/\/venik.hr\/savjetovanje\/wp-json\/wp\/v2\/types\/page"}],"author":[{"embeddable":true,"href":"https:\/\/venik.hr\/savjetovanje\/wp-json\/wp\/v2\/users\/1"}],"replies":[{"embeddable":true,"href":"https:\/\/venik.hr\/savjetovanje\/wp-json\/wp\/v2\/comments?post=118"}],"version-history":[{"count":5,"href":"https:\/\/venik.hr\/savjetovanje\/wp-json\/wp\/v2\/pages\/118\/revisions"}],"predecessor-version":[{"id":298,"href":"https:\/\/venik.hr\/savjetovanje\/wp-json\/wp\/v2\/pages\/118\/revisions\/298"}],"wp:attachment":[{"href":"https:\/\/venik.hr\/savjetovanje\/wp-json\/wp\/v2\/media?parent=118"}],"curies":[{"name":"wp","href":"https:\/\/api.w.org\/{rel}","templated":true}]}}