{"id":135,"date":"2025-10-20T07:35:49","date_gmt":"2025-10-20T05:35:49","guid":{"rendered":"https:\/\/venik.hr\/savjetovanje\/?page_id=135"},"modified":"2025-10-21T14:35:59","modified_gmt":"2025-10-21T12:35:59","slug":"nas-tim","status":"publish","type":"page","link":"https:\/\/venik.hr\/savjetovanje\/nas-tim\/","title":{"rendered":"Na\u0161 tim"},"content":{"rendered":"<p>Sura\u0111ujemo blisko u svakom koraku, od savjetovanja i planiranja do zavr\u0161ne kontrole izvedbe, kako bismo osigurali da svaki projekt bude izveden prema najvi\u0161im standardima. Znanje, preciznost i odgovornost temelj su na\u0161eg rada, a me\u0111usobno povjerenje i profesionalnost ono \u0161to nas izdvaja. Bez jakog tima nema \u010dvrstih temelja \u2014 zato s ponosom predstavljamo ljude koji grade na\u0161u kvalitetu.<\/p>\n<p>Na\u0161 stru\u010dni tim konzultanata pru\u017ea sveobuhvatne usluge u uspostavi ISO standarda, posebno fokusiraju\u0107i se na va\u0161e potrebe. Uzimaju\u0107i u obzir va\u0161e poslovne ciljeve, pru\u017eamo prilago\u0111ene rje\u0161enja kako biste postigli i odr\u017eali uskla\u0111enost s tim standardima.<\/p>\n","protected":false},"excerpt":{"rendered":"<p>Sura\u0111ujemo blisko u svakom koraku, od savjetovanja i planiranja do zavr\u0161ne kontrole izvedbe, kako bismo osigurali da svaki projekt bude izveden prema najvi\u0161im standardima. Znanje, preciznost i odgovornost temelj su na\u0161eg rada, a me\u0111usobno povjerenje i profesionalnost ono \u0161to nas izdvaja. Bez jakog tima nema \u010dvrstih temelja \u2014 zato s ponosom predstavljamo ljude koji grade [&hellip;]<\/p>\n","protected":false},"author":1,"featured_media":0,"parent":0,"menu_order":0,"comment_status":"closed","ping_status":"closed","template":"template-nas-tim.php","meta":{"_acf_changed":false,"footnotes":""},"class_list":["post-135","page","type-page","status-publish","hentry"],"acf":[],"_links":{"self":[{"href":"https:\/\/venik.hr\/savjetovanje\/wp-json\/wp\/v2\/pages\/135","targetHints":{"allow":["GET"]}}],"collection":[{"href":"https:\/\/venik.hr\/savjetovanje\/wp-json\/wp\/v2\/pages"}],"about":[{"href":"https:\/\/venik.hr\/savjetovanje\/wp-json\/wp\/v2\/types\/page"}],"author":[{"embeddable":true,"href":"https:\/\/venik.hr\/savjetovanje\/wp-json\/wp\/v2\/users\/1"}],"replies":[{"embeddable":true,"href":"https:\/\/venik.hr\/savjetovanje\/wp-json\/wp\/v2\/comments?post=135"}],"version-history":[{"count":9,"href":"https:\/\/venik.hr\/savjetovanje\/wp-json\/wp\/v2\/pages\/135\/revisions"}],"predecessor-version":[{"id":279,"href":"https:\/\/venik.hr\/savjetovanje\/wp-json\/wp\/v2\/pages\/135\/revisions\/279"}],"wp:attachment":[{"href":"https:\/\/venik.hr\/savjetovanje\/wp-json\/wp\/v2\/media?parent=135"}],"curies":[{"name":"wp","href":"https:\/\/api.w.org\/{rel}","templated":true}]}}